{"id":25,"date":"2013-09-04T15:17:33","date_gmt":"2013-09-04T13:17:33","guid":{"rendered":"http:\/\/www.christuskirche.de\/?page_id=25"},"modified":"2022-04-23T12:56:09","modified_gmt":"2022-04-23T10:56:09","slug":"afghanische-gemeinde","status":"publish","type":"page","link":"https:\/\/christuskirche.de\/fa\/afghanische-gemeinde\/","title":{"rendered":"Kalissai Massih Altona &#8211; Christuskirche f\u00fcr farsi-sprachige Menschen aus Afghanistan und dem Iran"},"content":{"rendered":"<h2 style=\"text-align: left;\">Die Kalissai Massih Altona<\/h2>\n<p style=\"text-align: left;\">Die Kalissai Massih Altona (der Name ist Farsi und bedeutet Christuskirche Altona) bildet einen Treffpunkt f\u00fcr afghanische und Iranische Christen, die in Deutschland leben. Die Kalissai Massih Altona liest die Bibel in Farsi (Dari\/ Persisch). Kalissai Massih Altonat bietet einen eigenen Gottesdienst und eine Bibelstunde an.<\/p>\n<p style=\"text-align: left;\">Die Kalissai Massih Altona ist f\u00fcr uns afghanische und Iranische Christen eine geistliche Heimat. Am Sonntag feiern wir unseren Gottesdienst, Einmal im Monat essen wir gemeinsam Mittag. Wir h\u00f6ren Texte aus der Bibel in unserer Sprache (Farsi), h\u00f6ren eine Predigt und wir singen Lieder aus unserer alten Heimat. Auch deutsche Elemente kommen in unseren Gottesdiensten manchmal vor.<\/p>\n<p style=\"text-align: left;\">Am Mittwoch haben wir um 16:30 bis 18:00 Uhr die Sprachcaf\u00e9, da treffen sich deutsch-sprachige mit farsi-sprachigen, um miteinander Zeit zu verbringen und Kafee zu trinken. Dabei lernen wir uns besser kennen, wir lernen etwas \u00fcber unsere verschiedene Kulturen, das ist eine Zeit wo wir Gemeinschaft erleben. Hier wird auf allt\u00e4gliche Weise die deutsche Sprache einge\u00fcbt. Komm gerve vorbai und schau es dir an.<\/p>\n<p style=\"text-align: left;\">Und am Mittwoch 18:30 bis 19:30 Uhr ist unsere Bibelstunde (Hauskreis) in der Gemeinde. Hier besch\u00e4ftigen wir uns ganz intensiv mit der Bibel. &#8211; Nat\u00fcrlich lesen wir die Bibel in unserer Sprache.<\/p>\n<p style=\"text-align: left;\">In der Kalissai Massih Altona k\u00f6nnen wir Gott mit unseren vertrauten christlichen Liedern loben und ehren. Wir erleben Gemeinschaft mit Christen, die so wie wir nicht mehr in Afghanistan und Iran leben k\u00f6nnen. Besonders wichtig ist f\u00fcr uns, dass wir Gottes Wort in unserer eigenen Sprache lesen und h\u00f6ren.<br \/>\n<strong>Wir freuen uns \u00fcber G\u00e4ste und \u00fcber afghanische und iranische Christen, die eine geistliche Heimat suchen.<\/strong><\/p>\n<h3 style=\"text-align: left;\">\u00bb auf einen Blick<\/h3>\n<p style=\"text-align: left;\"><strong>Gottesdienst:<\/strong> Sonntag, 12:30 Uhr im Gottesdienstraum<br \/>\n<strong>Sprachcaf\u00e9:<\/strong> Mittwoch, 16:30 Uhr im Rondeel<br \/>\n<strong>Hauskreis\/Bibelstunde:<\/strong> Mittwoch, 18:30 Uhr im Rondeel<\/p>\n<p>&nbsp;<\/p>\n<p style=\"text-align: left;\"><strong>Kontakt zur Kalissai Massih Altona<\/strong><br \/>\nBitte kontaktieren Sie uns per <a href=\"&#x70;&#x61;&#x73;&#x74;&#x6f;&#x72;&#x65;&#x6e;&#x74;&#x65;&#x61;&#x6d;&#x40;&#x63;&#x68;&#x72;&#x69;&#x73;&#x74;&#x75;&#x73;&#x6b;&#x69;&#x72;&#x63;&#x68;&#x65;&#x2e;&#x64;&#x65;\">E-Mail<\/a>. oder per Telefon: 01632160629<\/p>","protected":false},"excerpt":{"rendered":"<p>Die Kalissai Massih Altona Die Kalissai Massih Altona (der Name ist Farsi und bedeutet Christuskirche Altona) bildet einen Treffpunkt f\u00fcr afghanische und Iranische Christen, die in Deutschland leben. Die Kalissai Massih Altona liest die Bibel in Farsi (Dari\/ Persisch). Kalissai Massih Altonat bietet einen eigenen Gottesdienst und eine Bibelstunde an. Die Kalissai Massih Altona ist&#8230;<\/p>\n<div class=\"jet-posts\"><a class=\"jet-more\" href=\"https:\/\/christuskirche.de\/fa\/afghanische-gemeinde\/\">weiterlesen<\/a><\/div>\n","protected":false},"author":1,"featured_media":0,"parent":0,"menu_order":36,"comment_status":"open","ping_status":"closed","template":"","meta":{"_acf_changed":false,"inline_featured_image":false,"footnotes":""},"tags":[],"class_list":["post-25","page","type-page","status-publish","hentry"],"acf":[],"yoast_head":"<!-- This site is optimized with the Yoast SEO plugin v27.5 - https:\/\/yoast.com\/product\/yoast-seo-wordpress\/ -->\n<title>Afghanische Gemeinschaft in der Christuskirche Hamburg Altona<\/title>\n<meta name=\"robots\" content=\"index, follow, max-snippet:-1, max-image-preview:large, max-video-preview:-1\" \/>\n<link rel=\"canonical\" href=\"https:\/\/christuskirche.de\/fa\/afghanische-gemeinde\/\" \/>\n<meta name=\"twitter:label1\" content=\"\u0632\u0645\u0627\u0646 \u062a\u0642\u0631\u06cc\u0628\u06cc \u0628\u0631\u0627\u06cc \u062e\u0648\u0627\u0646\u062f\u0646\" \/>\n\t<meta name=\"twitter:data1\" content=\"2 \u062f\u0642\u06cc\u0642\u0647\" \/>\n<script type=\"application\/ld+json\" class=\"yoast-schema-graph\">{\"@context\":\"https:\\\/\\\/schema.org\",\"@graph\":[{\"@type\":\"WebPage\",\"@id\":\"https:\\\/\\\/christuskirche.de\\\/fa\\\/afghanische-gemeinde\\\/\",\"url\":\"https:\\\/\\\/christuskirche.de\\\/fa\\\/afghanische-gemeinde\\\/\",\"name\":\"Afghanische Gemeinschaft in der Christuskirche Hamburg Altona\",\"isPartOf\":{\"@id\":\"https:\\\/\\\/christuskirche.de\\\/#website\"},\"datePublished\":\"2013-09-04T13:17:33+00:00\",\"dateModified\":\"2022-04-23T10:56:09+00:00\",\"breadcrumb\":{\"@id\":\"https:\\\/\\\/christuskirche.de\\\/fa\\\/afghanische-gemeinde\\\/#breadcrumb\"},\"inLanguage\":\"fa-IR\",\"potentialAction\":[{\"@type\":\"ReadAction\",\"target\":[\"https:\\\/\\\/christuskirche.de\\\/fa\\\/afghanische-gemeinde\\\/\"]}]},{\"@type\":\"BreadcrumbList\",\"@id\":\"https:\\\/\\\/christuskirche.de\\\/fa\\\/afghanische-gemeinde\\\/#breadcrumb\",\"itemListElement\":[{\"@type\":\"ListItem\",\"position\":1,\"name\":\"Startseite\",\"item\":\"https:\\\/\\\/christuskirche.de\\\/fa\\\/\"},{\"@type\":\"ListItem\",\"position\":2,\"name\":\"Kalissai Massih Altona &#8211; Christuskirche f\u00fcr farsi-sprachige Menschen aus Afghanistan und dem Iran\"}]},{\"@type\":\"WebSite\",\"@id\":\"https:\\\/\\\/christuskirche.de\\\/#website\",\"url\":\"https:\\\/\\\/christuskirche.de\\\/\",\"name\":\"Christuskirche\",\"description\":\"Evangelisch-freikirchliche Gemeinde Hamburg Altona\",\"potentialAction\":[{\"@type\":\"SearchAction\",\"target\":{\"@type\":\"EntryPoint\",\"urlTemplate\":\"https:\\\/\\\/christuskirche.de\\\/?s={search_term_string}\"},\"query-input\":{\"@type\":\"PropertyValueSpecification\",\"valueRequired\":true,\"valueName\":\"search_term_string\"}}],\"inLanguage\":\"fa-IR\"}]}<\/script>\n<!-- \/ Yoast SEO plugin. -->","yoast_head_json":{"title":"Afghanische Gemeinschaft in der Christuskirche Hamburg Altona","robots":{"index":"index","follow":"follow","max-snippet":"max-snippet:-1","max-image-preview":"max-image-preview:large","max-video-preview":"max-video-preview:-1"},"canonical":"https:\/\/christuskirche.de\/fa\/afghanische-gemeinde\/","twitter_misc":{"\u0632\u0645\u0627\u0646 \u062a\u0642\u0631\u06cc\u0628\u06cc \u0628\u0631\u0627\u06cc \u062e\u0648\u0627\u0646\u062f\u0646":"2 \u062f\u0642\u06cc\u0642\u0647"},"schema":{"@context":"https:\/\/schema.org","@graph":[{"@type":"WebPage","@id":"https:\/\/christuskirche.de\/fa\/afghanische-gemeinde\/","url":"https:\/\/christuskirche.de\/fa\/afghanische-gemeinde\/","name":"Afghanische Gemeinschaft in der Christuskirche Hamburg Altona","isPartOf":{"@id":"https:\/\/christuskirche.de\/#website"},"datePublished":"2013-09-04T13:17:33+00:00","dateModified":"2022-04-23T10:56:09+00:00","breadcrumb":{"@id":"https:\/\/christuskirche.de\/fa\/afghanische-gemeinde\/#breadcrumb"},"inLanguage":"fa-IR","potentialAction":[{"@type":"ReadAction","target":["https:\/\/christuskirche.de\/fa\/afghanische-gemeinde\/"]}]},{"@type":"BreadcrumbList","@id":"https:\/\/christuskirche.de\/fa\/afghanische-gemeinde\/#breadcrumb","itemListElement":[{"@type":"ListItem","position":1,"name":"Startseite","item":"https:\/\/christuskirche.de\/fa\/"},{"@type":"ListItem","position":2,"name":"Kalissai Massih Altona &#8211; Christuskirche f\u00fcr farsi-sprachige Menschen aus Afghanistan und dem Iran"}]},{"@type":"WebSite","@id":"https:\/\/christuskirche.de\/#website","url":"https:\/\/christuskirche.de\/","name":"Christuskirche","description":"Evangelisch-freikirchliche Gemeinde Hamburg Altona","potentialAction":[{"@type":"SearchAction","target":{"@type":"EntryPoint","urlTemplate":"https:\/\/christuskirche.de\/?s={search_term_string}"},"query-input":{"@type":"PropertyValueSpecification","valueRequired":true,"valueName":"search_term_string"}}],"inLanguage":"fa-IR"}]}},"_links":{"self":[{"href":"https:\/\/christuskirche.de\/fa\/wp-json\/wp\/v2\/pages\/25","targetHints":{"allow":["GET"]}}],"collection":[{"href":"https:\/\/christuskirche.de\/fa\/wp-json\/wp\/v2\/pages"}],"about":[{"href":"https:\/\/christuskirche.de\/fa\/wp-json\/wp\/v2\/types\/page"}],"author":[{"embeddable":true,"href":"https:\/\/christuskirche.de\/fa\/wp-json\/wp\/v2\/users\/1"}],"replies":[{"embeddable":true,"href":"https:\/\/christuskirche.de\/fa\/wp-json\/wp\/v2\/comments?post=25"}],"version-history":[{"count":20,"href":"https:\/\/christuskirche.de\/fa\/wp-json\/wp\/v2\/pages\/25\/revisions"}],"predecessor-version":[{"id":15974,"href":"https:\/\/christuskirche.de\/fa\/wp-json\/wp\/v2\/pages\/25\/revisions\/15974"}],"wp:attachment":[{"href":"https:\/\/christuskirche.de\/fa\/wp-json\/wp\/v2\/media?parent=25"}],"wp:term":[{"taxonomy":"post_tag","embeddable":true,"href":"https:\/\/christuskirche.de\/fa\/wp-json\/wp\/v2\/tags?post=25"}],"curies":[{"name":"wp","href":"https:\/\/api.w.org\/{rel}","templated":true}]}}